{"id":93,"date":"2015-04-03T21:35:30","date_gmt":"2015-04-03T19:35:30","guid":{"rendered":"http:\/\/norrkopingshus31.se.preview.crystone.se\/wordpress\/?page_id=93"},"modified":"2026-02-09T08:01:25","modified_gmt":"2026-02-09T07:01:25","slug":"felanmalan","status":"publish","type":"page","link":"http:\/\/norrkopingshus31.se\/wordpress\/fragor-och-svar\/felanmalan\/","title":{"rendered":"Felanm\u00e4lan"},"content":{"rendered":"<p>Ibland intr\u00e4ffar det saker som g\u00f6r att man beh\u00f6ver hj\u00e4lp och d\u00e5 kan du v\u00e4nda dig till f\u00f6ljande.<\/p>\n<p><strong>Hiss<\/strong><\/p>\n<p>Vid fel p\u00e5 hissen i punkthuset. Om det inte \u00e4r akut ring under kontorstid.<\/p>\n<p><a href=\"http:\/\/www.kone.se\/kontakta-kundcenter-felanmalan-hissar-rulltrappor-automatiska-dorrar\/\" target=\"_blank\" rel=\"noopener noreferrer\">Motum Hissar<\/a> 0771 \u2013 50 00 00, <span id=\"cloak33868\"><a title=\"Skicka epost.\" href=\"mailto:kundcenter@kone.com\" target=\"_blank\" rel=\"noopener noreferrer\">epost<\/a><\/span>. Jourtel dygnet runt 011-23 84 30<\/p>\n<p>&nbsp;<\/p>\n<h2>Skadedjur<\/h2>\n<p>Har ni f\u00e5tt skadedjur i bostaden. Ring under dagtid. <b>Obs:<\/b> vi har avtal via Folksam!<\/p>\n<p><a href=\"http:\/\/www.anticimex.se\">Anticimex<\/a> 075-245 10 00<\/p>\n<p><strong>Folksam<\/strong><\/p>\n<p>F\u00f6rs\u00e4krings\u00e4renden g\u00e4llande fastigheten, 0771 88 08 00.<\/p>\n<p><strong>F\u00f6reningens ansvar<\/strong><\/p>\n<p>\u00c4r det fel p\u00e5 n\u00e5got som \u00e4r f\u00f6reningens ansvarar, kolla avsnittet \u201d<a href=\"http:\/\/norrkopingshus31.se\/wordpress\/information\/bostadsratt\/underhallsansvar\/\">Underh\u00e5ll<\/a>\u201d eller kontakta n\u00e5gon i styrelsen. Kontakta\u00a0<a title=\"F\u00f6rvaltning i Norrk\u00f6ping\" href=\"http:\/\/www.riksbyggen.se\/kontakt\/felanmalan\/\" target=\"_blank\" rel=\"noopener noreferrer\">Riksbyggen<\/a>\u00a0dygnet runt p\u00e5\u00a00771-860 860. Det kostar som ett vanligt lokalsamtal. Man kan ringa om allt som r\u00f6r boendet, b\u00e5de felanm\u00e4lan och fr\u00e5gor om avgiftsbetalning etc.<\/p>\n<p>&nbsp;<\/p>\n<p><strong>Bredband\/TV<\/strong><\/p>\n<p>\u00c4r det fel p\u00e5 din dator eller tv, kolla f\u00f6rst med n\u00e5gon granne s\u00e5 att det inte \u00e4r fel p\u00e5 din tv-apparat eller dator.<\/p>\n<p>TV\/datoranslutning kontakta Fiber Lan-supporten 020-240 250, Telia 90 200.<\/p>\n<p>&nbsp;<\/p>\n<p><strong>IP-Telefoni<\/strong><\/p>\n<p>Vid fel p\u00e5 IP-telefoni kontakta Telia 90 200<\/p>\n<p><strong>F\u00f6reningens hemsida\u00a0 <\/strong>www.norrkopingshus31.se<\/p>\n<p><strong>F\u00f6reningens mail <\/strong>styrelsen@norrkopingshus31.se<\/p>\n","protected":false},"excerpt":{"rendered":"<p>Ibland intr\u00e4ffar det saker som g\u00f6r att man beh\u00f6ver hj\u00e4lp och d\u00e5 kan du v\u00e4nda dig till f\u00f6ljande. Hiss Vid fel p\u00e5 hissen i punkthuset. Om det inte \u00e4r akut ring under kontorstid. Motum Hissar 0771 \u2013 50 00 00, &hellip; <a href=\"http:\/\/norrkopingshus31.se\/wordpress\/fragor-och-svar\/felanmalan\/\">L\u00e4s mer <span class=\"meta-nav\">&rarr;<\/span><\/a><\/p>\n","protected":false},"author":8,"featured_media":0,"parent":22,"menu_order":0,"comment_status":"closed","ping_status":"closed","template":"","meta":{"footnotes":""},"class_list":["post-93","page","type-page","status-publish","hentry"],"_links":{"self":[{"href":"http:\/\/norrkopingshus31.se\/wordpress\/wp-json\/wp\/v2\/pages\/93","targetHints":{"allow":["GET"]}}],"collection":[{"href":"http:\/\/norrkopingshus31.se\/wordpress\/wp-json\/wp\/v2\/pages"}],"about":[{"href":"http:\/\/norrkopingshus31.se\/wordpress\/wp-json\/wp\/v2\/types\/page"}],"author":[{"embeddable":true,"href":"http:\/\/norrkopingshus31.se\/wordpress\/wp-json\/wp\/v2\/users\/8"}],"replies":[{"embeddable":true,"href":"http:\/\/norrkopingshus31.se\/wordpress\/wp-json\/wp\/v2\/comments?post=93"}],"version-history":[{"count":10,"href":"http:\/\/norrkopingshus31.se\/wordpress\/wp-json\/wp\/v2\/pages\/93\/revisions"}],"predecessor-version":[{"id":1387,"href":"http:\/\/norrkopingshus31.se\/wordpress\/wp-json\/wp\/v2\/pages\/93\/revisions\/1387"}],"up":[{"embeddable":true,"href":"http:\/\/norrkopingshus31.se\/wordpress\/wp-json\/wp\/v2\/pages\/22"}],"wp:attachment":[{"href":"http:\/\/norrkopingshus31.se\/wordpress\/wp-json\/wp\/v2\/media?parent=93"}],"curies":[{"name":"wp","href":"https:\/\/api.w.org\/{rel}","templated":true}]}}