{"id":71,"date":"2015-04-03T21:20:38","date_gmt":"2015-04-03T19:20:38","guid":{"rendered":"http:\/\/norrkopingshus31.se.preview.crystone.se\/wordpress\/?page_id=71"},"modified":"2015-04-26T21:47:59","modified_gmt":"2015-04-26T19:47:59","slug":"gemensamma-ytor","status":"publish","type":"page","link":"http:\/\/norrkopingshus31.se\/wordpress\/information\/gemensamma-ytor\/","title":{"rendered":"Gemensamma ytor"},"content":{"rendered":"<p><del><\/del>Alla medlemmar ska delta i sk\u00f6tseln av de gemensamma ytorna som finns.<\/p>\n<p><strong>G\u00e5rd A<\/strong><\/p>\n<p>Bild + text<\/p>\n<p>&nbsp;<\/p>\n<p><strong>G\u00e5rd B<\/strong><\/p>\n<p>Bild + text<\/p>\n<p>&nbsp;<\/p>\n<p><strong>G\u00e5rd C<\/strong><\/p>\n<p>Bild + text<\/p>\n","protected":false},"excerpt":{"rendered":"<p>Alla medlemmar ska delta i sk\u00f6tseln av de gemensamma ytorna som finns. G\u00e5rd A Bild + text &nbsp; G\u00e5rd B Bild + text &nbsp; G\u00e5rd C Bild + text<\/p>\n","protected":false},"author":8,"featured_media":0,"parent":20,"menu_order":0,"comment_status":"closed","ping_status":"closed","template":"","meta":{"footnotes":""},"class_list":["post-71","page","type-page","status-publish","hentry"],"_links":{"self":[{"href":"http:\/\/norrkopingshus31.se\/wordpress\/wp-json\/wp\/v2\/pages\/71","targetHints":{"allow":["GET"]}}],"collection":[{"href":"http:\/\/norrkopingshus31.se\/wordpress\/wp-json\/wp\/v2\/pages"}],"about":[{"href":"http:\/\/norrkopingshus31.se\/wordpress\/wp-json\/wp\/v2\/types\/page"}],"author":[{"embeddable":true,"href":"http:\/\/norrkopingshus31.se\/wordpress\/wp-json\/wp\/v2\/users\/8"}],"replies":[{"embeddable":true,"href":"http:\/\/norrkopingshus31.se\/wordpress\/wp-json\/wp\/v2\/comments?post=71"}],"version-history":[{"count":0,"href":"http:\/\/norrkopingshus31.se\/wordpress\/wp-json\/wp\/v2\/pages\/71\/revisions"}],"up":[{"embeddable":true,"href":"http:\/\/norrkopingshus31.se\/wordpress\/wp-json\/wp\/v2\/pages\/20"}],"wp:attachment":[{"href":"http:\/\/norrkopingshus31.se\/wordpress\/wp-json\/wp\/v2\/media?parent=71"}],"curies":[{"name":"wp","href":"https:\/\/api.w.org\/{rel}","templated":true}]}}