{"id":67,"date":"2015-04-03T21:19:57","date_gmt":"2015-04-03T19:19:57","guid":{"rendered":"http:\/\/norrkopingshus31.se.preview.crystone.se\/wordpress\/?page_id=67"},"modified":"2021-08-14T17:53:08","modified_gmt":"2021-08-14T15:53:08","slug":"lokalen","status":"publish","type":"page","link":"http:\/\/norrkopingshus31.se\/wordpress\/information\/lokalen\/","title":{"rendered":"Lokalen"},"content":{"rendered":"<p>I v\u00e5r f\u00f6rening finns en gemensam lokal som alla medlemmar har tillg\u00e5ng till.<\/p>\n<p><strong>Dock ej ny\u00e5rsafton.<\/strong><\/p>\n<p>Lokalen \u00e4r uppdelad s\u00e5 att du har tillg\u00e5ng till bastu med din l\u00e4genhets nyckel. F\u00f6r att f\u00e5 tillg\u00e5ng till k\u00f6ket och samlingsrummet s\u00e5 m\u00e5ste du hyra lokalen.<\/p>\n<p>K\u00f6ket \u00e4r fullt utrustat n\u00e4r det g\u00e4ller porslin och bestick, s\u00e5 att det ska vara m\u00f6jligt med &#8221;bjudningar&#8221; upp till 40 kuvert.<\/p>\n<p>I bastun f\u00e5r det plats ca 6 personer.<\/p>\n<h2>Bastu<\/h2>\n<p>F\u00f6ljande g\u00e4ller f\u00f6r bastu:<\/p>\n<ul>\n<li>F\u00f6re anv\u00e4ndningen m\u00e5ste du boka tid p\u00e5 den bokningslista som finns uppsatt i lokalen.<\/li>\n<li>L\u00e4mna bastud\u00f6rren \u00f6ppen s\u00e5 att det inte blir d\u00e5lig lukt!<\/li>\n<li>Se till att l\u00e4mna lokalen i ett rent och fr\u00e4scht skick!<\/li>\n<\/ul>\n<h2>Hyra av lokalen<\/h2>\n<p>F\u00f6ljande regler g\u00e4ller f\u00f6r den som hyr lokalen (k\u00f6k och samlingsrum):<\/p>\n<ul>\n<li>Lokalen hyrs endast ut till boende i f\u00f6reningen.<\/li>\n<li>F\u00f6r allas trevnad skall det vara tyst efter 23.00.<\/li>\n<li>R\u00f6kning i lokalen \u00e4r f\u00f6rbjuden.<\/li>\n<li>D\u00f6rren till altanen ska h\u00e5llas st\u00e4ngd f\u00f6r att undvika st\u00f6rningar f\u00f6r oss som bor h\u00e4r.<\/li>\n<li>Den som hyr lokalen ansvarar f\u00f6r inventarier samt att st\u00e4dning utf\u00f6rs efter anv\u00e4ndning.<\/li>\n<li>Lokalen bokas hos lokalansvarig (se nedan).<\/li>\n<\/ul>\n<p>Saknas n\u00e5gra inventarier eller om n\u00e5got \u00e4r trasigt, kontakta lokalansvarig.<\/p>\n<p><span style=\"color: #000080;\"><strong><em>T\u00e4nk p\u00e5 att l\u00e4mna lokalen i det skick du f\u00f6rv\u00e4ntar dig att finna den.<\/em><\/strong><\/span><\/p>\n<h2>Hyra<\/h2>\n<ol>\n<li>Kontakta lokalansvarig f\u00f6r att boka datum och tidpunkt samt avl\u00e4ggande av hyra.<\/li>\n<li>Nyckel till lokalen h\u00e4mtar du n\u00e5gra dagar innan hyrestidpunkten hos lokalansvarig.<\/li>\n<\/ol>\n<ul>\n<li>Hyra f\u00f6r lokalen \u00e4r:\n<ul>\n<li>200 kr per dygn.<\/li>\n<\/ul>\n<ul>\n<li>Gratis upp till 3 timmar.<\/li>\n<\/ul>\n<\/li>\n<\/ul>\n<p><strong>Lokalansvarig<\/strong><\/p>\n<p>Ansvarig f\u00f6r lokalen \u00e4r: Eva Holmsell Rambogatan 165 tel 0734-046007<\/p>\n<p>Ifall Eva tillf\u00e4lligt inte kan n\u00e5s och du vill l\u00e5na lokalen, kontakta n\u00e5gon i styrelsen. Samtliga i styrelsen har nyckel till lokalen.<\/p>\n<h2>Veckost\u00e4dning<\/h2>\n<p>St\u00e4dningen i lokalen ansvarar alla f\u00f6r, varje bostadsr\u00e4ttsinnehavare ansvarar f\u00f6r 1 vecka i ett rullande schema (det blir ca 1 g\u00e5ng vart annat \u00e5r). Den som hyr lokalen ansvarar naturligtvis f\u00f6r att den blir \u00e5terl\u00e4mnad i bra skick!<\/p>\n<p>(Nytt fr\u00e5n 2019-01-01 \u00e4r att lokalansvarig st\u00e4dar lokalen)<\/p>\n","protected":false},"excerpt":{"rendered":"<p>I v\u00e5r f\u00f6rening finns en gemensam lokal som alla medlemmar har tillg\u00e5ng till. Dock ej ny\u00e5rsafton. Lokalen \u00e4r uppdelad s\u00e5 att du har tillg\u00e5ng till bastu med din l\u00e4genhets nyckel. F\u00f6r att f\u00e5 tillg\u00e5ng till k\u00f6ket och samlingsrummet s\u00e5 m\u00e5ste &hellip; <a href=\"http:\/\/norrkopingshus31.se\/wordpress\/information\/lokalen\/\">L\u00e4s mer <span class=\"meta-nav\">&rarr;<\/span><\/a><\/p>\n","protected":false},"author":8,"featured_media":0,"parent":20,"menu_order":0,"comment_status":"closed","ping_status":"closed","template":"","meta":{"footnotes":""},"class_list":["post-67","page","type-page","status-publish","hentry"],"_links":{"self":[{"href":"http:\/\/norrkopingshus31.se\/wordpress\/wp-json\/wp\/v2\/pages\/67","targetHints":{"allow":["GET"]}}],"collection":[{"href":"http:\/\/norrkopingshus31.se\/wordpress\/wp-json\/wp\/v2\/pages"}],"about":[{"href":"http:\/\/norrkopingshus31.se\/wordpress\/wp-json\/wp\/v2\/types\/page"}],"author":[{"embeddable":true,"href":"http:\/\/norrkopingshus31.se\/wordpress\/wp-json\/wp\/v2\/users\/8"}],"replies":[{"embeddable":true,"href":"http:\/\/norrkopingshus31.se\/wordpress\/wp-json\/wp\/v2\/comments?post=67"}],"version-history":[{"count":8,"href":"http:\/\/norrkopingshus31.se\/wordpress\/wp-json\/wp\/v2\/pages\/67\/revisions"}],"predecessor-version":[{"id":1082,"href":"http:\/\/norrkopingshus31.se\/wordpress\/wp-json\/wp\/v2\/pages\/67\/revisions\/1082"}],"up":[{"embeddable":true,"href":"http:\/\/norrkopingshus31.se\/wordpress\/wp-json\/wp\/v2\/pages\/20"}],"wp:attachment":[{"href":"http:\/\/norrkopingshus31.se\/wordpress\/wp-json\/wp\/v2\/media?parent=67"}],"curies":[{"name":"wp","href":"https:\/\/api.w.org\/{rel}","templated":true}]}}