{"id":65,"date":"2015-04-03T21:19:39","date_gmt":"2015-04-03T19:19:39","guid":{"rendered":"http:\/\/norrkopingshus31.se.preview.crystone.se\/wordpress\/?page_id=65"},"modified":"2026-02-05T10:14:03","modified_gmt":"2026-02-05T09:14:03","slug":"arsplan","status":"publish","type":"page","link":"http:\/\/norrkopingshus31.se\/wordpress\/foreningen\/arsplan\/","title":{"rendered":"\u00c5rsplan 2026"},"content":{"rendered":"<table width=\"559\">\n<tbody>\n<tr>\n<td colspan=\"2\" width=\"559\"><strong>\u00c5RSPLAN 2026<\/strong><\/td>\n<\/tr>\n<tr>\n<td colspan=\"2\" width=\"559\"><em>Styrelsem\u00f6ten\u00a0(kallade: styrelse + ers\u00e4ttare)<\/em><\/td>\n<\/tr>\n<tr>\n<td colspan=\"2\" width=\"559\"><em>En g\u00e5ng i m\u00e5naden i omr\u00e5deslokalen klockan 18.00<\/em><\/td>\n<\/tr>\n<tr>\n<td width=\"200\">7 januari<\/td>\n<td width=\"473\"><strong>\u00a0<\/strong><\/td>\n<\/tr>\n<tr>\n<td width=\"200\">4 februari<\/td>\n<td width=\"473\"><strong>\u00a0<\/strong><\/td>\n<\/tr>\n<tr>\n<td width=\"200\">4 mars<\/p>\n<hr \/>\n<p>1 april<\/td>\n<td width=\"473\"><strong>\u00a0<\/strong><\/td>\n<\/tr>\n<tr>\n<td width=\"500\">15 april (budgetm\u00f6te Teams kl 13)<\/td>\n<td width=\"473\"><strong>\u00a0<\/strong><\/td>\n<\/tr>\n<tr>\n<td width=\"200\">6 maj<\/td>\n<td width=\"473\"><strong>\u00a0<\/strong><\/td>\n<\/tr>\n<tr>\n<td width=\"200\">3 juni<\/td>\n<td width=\"473\"><strong>\u00a0<\/strong><\/td>\n<\/tr>\n<tr>\n<td width=\"200\">5 augusti<\/td>\n<td width=\"473\"><strong>\u00a0<\/strong><\/td>\n<\/tr>\n<tr>\n<td width=\"200\">2 september<\/td>\n<td width=\"473\"><strong>\u00a0<\/strong><\/td>\n<\/tr>\n<tr>\n<td width=\"500\">16 september (bokslut Teams kl 13)<\/td>\n<td width=\"473\"><strong>\u00a0<\/strong><\/td>\n<\/tr>\n<tr>\n<td width=\"200\">7 oktober<\/td>\n<td width=\"473\"><strong>\u00a0<\/strong><\/td>\n<\/tr>\n<tr>\n<td width=\"200\">4 november<\/td>\n<td width=\"473\"><strong>\u00a0<\/strong><\/td>\n<\/tr>\n<tr>\n<td width=\"200\">2 december<\/td>\n<td width=\"473\"><strong>\u00a0<\/strong><\/td>\n<\/tr>\n<tr>\n<td width=\"200\"><\/td>\n<td width=\"473\"><strong>\u00a0<\/strong><\/td>\n<\/tr>\n<tr>\n<td colspan=\"2\" width=\"559\"><strong>\u00c5RSST\u00c4MMA<\/strong><\/td>\n<\/tr>\n<tr>\n<td width=\"86\"><b>Onsdag 11 november<\/b><\/td>\n<td width=\"473\">\u00a0Omr\u00e5deslokalen klockan 19.00<\/td>\n<\/tr>\n<tr>\n<td colspan=\"2\" width=\"559\">Kallade: Alla medlemmar, kallelse skickas ut minst tv\u00e5 veckor innan.<\/td>\n<\/tr>\n<tr>\n<td width=\"200\"><\/td>\n<td width=\"473\"><strong>\u00a0<\/strong><\/td>\n<\/tr>\n<tr>\n<td colspan=\"2\" width=\"559\"><strong>MEDLEMSINFORMATION<\/strong><\/td>\n<\/tr>\n<tr>\n<td width=\"86\">Kort information fr\u00e5n n\u00e5gon ur styrelsen sker vid v\u00e5ra fixardagar 25\/4 och 17\/10.<\/td>\n<td width=\"473\"><\/td>\n<\/tr>\n<tr>\n<td width=\"200\"><\/td>\n<td width=\"473\"><strong>\u00a0<\/strong><\/td>\n<\/tr>\n<tr>\n<td colspan=\"2\" width=\"559\"><strong>FIXARDAGAR L\u00f6rdag 25\/4 &amp; L\u00f6rdag 17\/10<\/strong><\/td>\n<\/tr>\n<tr>\n<td colspan=\"2\" width=\"559\">2 g\u00e5nger\/\u00e5r genomf\u00f6rs st\u00e4ddagar, d\u00e4r styrelsen dessutom informerar om aktuella \u00e4renden. F\u00f6rslag och fr\u00e5gor fr\u00e5n medlemmar g\u00e4llande v\u00e5r f\u00f6rening l\u00e4mnas i f\u00f6rv\u00e4g i f\u00f6reningsbrevl\u00e5dan vid lokalen eller via <a href=\"mailto:styrelsen@norrkopingshus31.se\">styrelsen@norrkopingshus31.se<\/a>. Vi samlas kl. 10:00 p\u00e5 respektive g\u00e5rd. Respektive g\u00e5rdsansvarig fixar f\u00f6rt\u00e4ring.<\/td>\n<\/tr>\n<tr>\n<td width=\"86\"><b>L\u00f6rdag 25 april<\/b><\/td>\n<td width=\"473\">V\u00e5rst\u00e4dning<\/td>\n<\/tr>\n<tr>\n<td width=\"86\"><b>L\u00f6rdag 17 oktober<\/b><\/td>\n<td width=\"473\">H\u00f6stst\u00e4dning<\/td>\n<\/tr>\n<\/tbody>\n<\/table>\n<p>&nbsp;<\/p>\n","protected":false},"excerpt":{"rendered":"<p>\u00c5RSPLAN 2026 Styrelsem\u00f6ten\u00a0(kallade: styrelse + ers\u00e4ttare) En g\u00e5ng i m\u00e5naden i omr\u00e5deslokalen klockan 18.00 7 januari \u00a0 4 februari \u00a0 4 mars 1 april \u00a0 15 april (budgetm\u00f6te Teams kl 13) \u00a0 6 maj \u00a0 3 juni \u00a0 5 augusti &hellip; <a href=\"http:\/\/norrkopingshus31.se\/wordpress\/foreningen\/arsplan\/\">L\u00e4s mer <span class=\"meta-nav\">&rarr;<\/span><\/a><\/p>\n","protected":false},"author":8,"featured_media":0,"parent":18,"menu_order":0,"comment_status":"closed","ping_status":"closed","template":"","meta":{"footnotes":""},"class_list":["post-65","page","type-page","status-publish","hentry"],"_links":{"self":[{"href":"http:\/\/norrkopingshus31.se\/wordpress\/wp-json\/wp\/v2\/pages\/65","targetHints":{"allow":["GET"]}}],"collection":[{"href":"http:\/\/norrkopingshus31.se\/wordpress\/wp-json\/wp\/v2\/pages"}],"about":[{"href":"http:\/\/norrkopingshus31.se\/wordpress\/wp-json\/wp\/v2\/types\/page"}],"author":[{"embeddable":true,"href":"http:\/\/norrkopingshus31.se\/wordpress\/wp-json\/wp\/v2\/users\/8"}],"replies":[{"embeddable":true,"href":"http:\/\/norrkopingshus31.se\/wordpress\/wp-json\/wp\/v2\/comments?post=65"}],"version-history":[{"count":52,"href":"http:\/\/norrkopingshus31.se\/wordpress\/wp-json\/wp\/v2\/pages\/65\/revisions"}],"predecessor-version":[{"id":1378,"href":"http:\/\/norrkopingshus31.se\/wordpress\/wp-json\/wp\/v2\/pages\/65\/revisions\/1378"}],"up":[{"embeddable":true,"href":"http:\/\/norrkopingshus31.se\/wordpress\/wp-json\/wp\/v2\/pages\/18"}],"wp:attachment":[{"href":"http:\/\/norrkopingshus31.se\/wordpress\/wp-json\/wp\/v2\/media?parent=65"}],"curies":[{"name":"wp","href":"https:\/\/api.w.org\/{rel}","templated":true}]}}