{"id":63,"date":"2015-04-03T21:19:14","date_gmt":"2015-04-03T19:19:14","guid":{"rendered":"http:\/\/norrkopingshus31.se.preview.crystone.se\/wordpress\/?page_id=63"},"modified":"2026-02-06T15:54:37","modified_gmt":"2026-02-06T14:54:37","slug":"styrelse","status":"publish","type":"page","link":"http:\/\/norrkopingshus31.se\/wordpress\/foreningen\/styrelse\/","title":{"rendered":"Medarbetare i f\u00f6reningen"},"content":{"rendered":"<p>&nbsp;<\/p>\n<table style=\"height: 786px; width: 130%;\" border=\"1\">\n<tbody>\n<tr style=\"height: 26px;\">\n<td style=\"height: 26px; width: 21.04404567699837%;\"><strong>NAMN:<\/strong><\/td>\n<td style=\"height: 26px; width: 16.476345840130506%;\"><strong>ADRESS:<\/strong><\/td>\n<td style=\"height: 26px; width: 11.908646003262643%;\"><strong>TELEFON:<\/strong><\/td>\n<td style=\"height: 26px; width: 21.533442088091352%;\"><strong>BEFATTNING:<\/strong><\/td>\n<td style=\"height: 26px; width: 29.03752039151713%;\"><strong>ANSVARSOMR\u00c5DE:<\/strong><\/td>\n<\/tr>\n<tr style=\"height: 40px;\">\n<td style=\"height: 40px; width: 21.04404567699837%;\"><strong>David Revenius<\/strong><\/td>\n<td style=\"height: 40px; width: 16.476345840130506%;\">Rambogatan 147<\/td>\n<td style=\"height: 40px; width: 11.908646003262643%;\">0705-084054<\/td>\n<td style=\"height: 40px; width: 21.533442088091352%;\"><strong>Ledamot \/ Ordf\u00f6rande<\/strong><\/td>\n<td style=\"height: 40px; width: 29.03752039151713%;\">\u00d6verl\u00e5telse &amp; post mottagare, inkassokontakt, kontaktperson underh\u00e5llsplanering, kontaktperson budget, ombud intressef\u00f6reningen, info &amp; driftansvarig laddplats f\u00f6r elbil.<\/td>\n<\/tr>\n<tr style=\"height: 40px;\">\n<td style=\"height: 40px; width: 21.04404567699837%;\"><strong>Christian Hellstr\u00f6m<\/strong><\/td>\n<td style=\"height: 40px; width: 16.476345840130506%;\">Rambogatan 195<\/td>\n<td style=\"height: 40px; width: 11.908646003262643%;\">0704-184438<\/td>\n<td style=\"height: 40px; width: 21.533442088091352%;\"><strong>Ledamot \/ Vice ordf\u00f6rande<\/strong><\/td>\n<td style=\"height: 40px; width: 29.03752039151713%;\">\u00d6verl\u00e5telsemottagare (ers), inkassokontakt (ers), brandskyddsansvarig, ombud intressef\u00f6reningen, info o driftansvarig laddplats f\u00f6r elbil<\/td>\n<\/tr>\n<tr style=\"height: 40px;\">\n<td style=\"height: 40px; width: 21.04404567699837%;\"><strong>Carina Ekelund<\/strong><\/td>\n<td style=\"height: 40px; width: 16.476345840130506%;\">Rambogatan 153<\/td>\n<td style=\"height: 40px; width: 11.908646003262643%;\">0730-202927<\/td>\n<td style=\"height: 40px; width: 21.533442088091352%;\"><strong>Ledamot \/ Sekreterare<\/strong><\/td>\n<td style=\"height: 40px; width: 29.03752039151713%;\">Arvoden, egna utl\u00e4gg, m\u00f6tesprotokoll + kallelse m.m.<\/td>\n<\/tr>\n<tr style=\"height: 40px;\">\n<td style=\"height: 40px; width: 21.04404567699837%;\"><strong>Matilda Nilsson<\/strong><\/td>\n<td style=\"height: 40px; width: 16.476345840130506%;\">Rambogatan 209<\/td>\n<td style=\"height: 40px; width: 11.908646003262643%;\">0733-716036<\/td>\n<td style=\"height: 40px; width: 21.533442088091352%;\"><strong>Ledamot<\/strong><\/td>\n<td style=\"height: 40px; width: 29.03752039151713%;\">Kontaktperson budget, ansvarig f\u00f6r f\u00f6reningsmailen &amp; brevl\u00e5da, utbildningsansvarig<\/td>\n<\/tr>\n<tr style=\"height: 40px;\">\n<td style=\"height: 40px; width: 21.04404567699837%;\"><strong>Lars Holmsell<\/strong><\/td>\n<td style=\"height: 40px; width: 16.476345840130506%;\">Rambogatan 165<\/td>\n<td style=\"height: 40px; width: 11.908646003262643%;\">0760-199319<\/td>\n<td style=\"height: 40px; width: 21.533442088091352%;\"><strong>Ledamot<\/strong><\/td>\n<td style=\"height: 40px; width: 29.03752039151713%;\">Milj\u00f6 och energiansvarig, nyckelansvarig, k\u00f6ansvarig f\u00f6r bilplatser o garage, kontaktperson Telia<\/td>\n<\/tr>\n<tr style=\"height: 40px;\">\n<td style=\"height: 40px; width: 21.04404567699837%;\"><strong>Ther\u00e9se Ringborg<\/strong><\/td>\n<td style=\"height: 40px; width: 16.476345840130506%;\">Rambogatan 179<\/td>\n<td style=\"height: 40px; width: 11.908646003262643%;\">0705-320851<\/td>\n<td style=\"height: 40px; width: 21.533442088091352%;\"><strong>Ledamot<\/strong><\/td>\n<td style=\"height: 40px; width: 29.03752039151713%;\">NKI kontakt, Ansvarig f\u00f6reningens hemsida, Elanl\u00e4ggningsansvarig,\u00a0 ombud f\u00f6r intressef\u00f6reningen (ers)<\/td>\n<\/tr>\n<tr>\n<td style=\"width: 21.044%;\"><strong>Sebastian Stedt<\/strong><\/td>\n<td style=\"width: 16.4763%;\">Rambogatan 203<\/td>\n<td style=\"width: 11.9086%;\">0760-919359<\/td>\n<td style=\"width: 21.5334%;\"><strong>Suppleant<\/strong><\/td>\n<td style=\"width: 29.0375%;\">Milj\u00f6 o energiansvarig<\/td>\n<\/tr>\n<tr style=\"height: 40px;\">\n<td style=\"height: 40px; width: 21.04404567699837%;\"><strong>Patrik Rydell<\/strong><\/td>\n<td style=\"height: 40px; width: 16.476345840130506%;\">Rambogatan 171<\/td>\n<td style=\"height: 40px; width: 11.908646003262643%;\">0738-197661<\/td>\n<td style=\"height: 40px; width: 21.533442088091352%;\"><strong>Suppleant<\/strong><\/td>\n<td style=\"height: 40px; width: 29.03752039151713%;\"><\/td>\n<\/tr>\n<tr style=\"height: 40px;\">\n<td style=\"height: 40px; width: 21.04404567699837%;\"><strong>Maria Berger<\/strong><\/td>\n<td style=\"height: 40px; width: 16.476345840130506%;\"><\/td>\n<td style=\"height: 40px; width: 11.908646003262643%;\">011-219595<\/td>\n<td style=\"height: 40px; width: 21.533442088091352%;\"><strong>Ledamot<\/strong><\/td>\n<td style=\"height: 40px; width: 29.03752039151713%;\">Riksbyggens representant<\/td>\n<\/tr>\n<tr style=\"height: 40px;\">\n<td style=\"height: 40px; width: 21.04404567699837%;\"><strong>Catarina Zahr<\/strong><\/td>\n<td style=\"height: 40px; width: 16.476345840130506%;\"><\/td>\n<td style=\"height: 40px; width: 11.908646003262643%;\">011-219533<\/td>\n<td style=\"height: 40px; width: 21.533442088091352%;\"><strong>Budget &amp; bokslut<\/strong><\/td>\n<td style=\"height: 40px; width: 29.03752039151713%;\">Ekonom Riksbyggen<\/td>\n<\/tr>\n<tr style=\"height: 40px;\">\n<td style=\"height: 40px; width: 21.04404567699837%;\"><strong>Eva Holmsell<\/strong><\/td>\n<td style=\"height: 40px; width: 16.476345840130506%;\">Rambogatan 165<\/td>\n<td style=\"height: 40px; width: 11.908646003262643%;\">0734-046007<\/td>\n<td style=\"height: 40px; width: 21.533442088091352%;\"><strong>Lokalansvarig<\/strong><\/td>\n<td style=\"height: 40px; width: 29.03752039151713%;\">Uthyrning, ink\u00f6p, st\u00e4dning<\/td>\n<\/tr>\n<tr style=\"height: 40px;\">\n<td style=\"height: 40px; width: 21.04404567699837%;\"><strong>Christoffer Lundh<\/strong><\/td>\n<td style=\"height: 40px; width: 16.476345840130506%;\">Rambogatan 197<\/td>\n<td style=\"height: 40px; width: 11.908646003262643%;\">0733-319230<\/td>\n<td style=\"height: 40px; width: 21.533442088091352%;\"><strong>G\u00e5rdsansvarig<\/strong><\/td>\n<td style=\"height: 40px; width: 29.03752039151713%;\">G\u00e5rdsansvarig A-g\u00e5rden &amp; P-huset<\/td>\n<\/tr>\n<tr style=\"height: 40px;\">\n<td style=\"height: 40px; width: 21.04404567699837%;\"><strong>Lars Holmsell<\/strong><\/td>\n<td style=\"height: 40px; width: 16.476345840130506%;\">Rambogatan 165<\/td>\n<td style=\"height: 40px; width: 11.908646003262643%;\">0760-199319<\/td>\n<td style=\"height: 40px; width: 21.533442088091352%;\"><strong>G\u00e5rdsansvarig<\/strong><\/td>\n<td style=\"height: 40px; width: 29.03752039151713%;\">G\u00e5rdsansvarig B-g\u00e5rden<\/td>\n<\/tr>\n<tr style=\"height: 40px;\">\n<td style=\"height: 40px; width: 21.04404567699837%;\"><strong>Pontus Conradsson<\/strong><\/td>\n<td style=\"height: 40px; width: 16.476345840130506%;\">Rambogatan 269<\/td>\n<td style=\"height: 40px; width: 11.908646003262643%;\">0704-553145<\/td>\n<td style=\"height: 40px; width: 21.533442088091352%;\"><strong>G\u00e5rdsansvarig<\/strong><\/td>\n<td style=\"height: 40px; width: 29.03752039151713%;\">G\u00e5rdsansvarig C-g\u00e5rden<\/td>\n<\/tr>\n<tr style=\"height: 40px;\">\n<td style=\"height: 40px; width: 21.04404567699837%;\"><strong>Peter Johansson<\/strong><\/td>\n<td style=\"height: 40px; width: 16.476345840130506%;\">Rambogatan 265<\/td>\n<td style=\"height: 40px; width: 11.908646003262643%;\">0732-770936<\/td>\n<td style=\"height: 40px; width: 21.533442088091352%;\"><strong>Valberedning<\/strong><\/td>\n<td style=\"height: 40px; width: 29.03752039151713%;\">Sammankallande<\/td>\n<\/tr>\n<tr style=\"height: 40px;\">\n<td style=\"height: 40px; width: 21.04404567699837%;\"><strong>Rebecca Stedt<\/strong><\/td>\n<td style=\"height: 40px; width: 16.476345840130506%;\">Rambogatan 203<\/td>\n<td style=\"height: 40px; width: 11.908646003262643%;\">0704-529944<\/td>\n<td style=\"height: 40px; width: 21.533442088091352%;\"><strong>Suppleant<\/strong><\/td>\n<td style=\"height: 40px; width: 29.03752039151713%;\">Revisorsers\u00e4ttare<\/td>\n<\/tr>\n<tr style=\"height: 40px;\">\n<td style=\"height: 40px; width: 21.04404567699837%;\"><strong>Maria Stenberg<\/strong><\/td>\n<td style=\"height: 40px; width: 16.476345840130506%;\">Rambogatan 2177<\/td>\n<td style=\"height: 40px; width: 11.908646003262643%;\">0736-424845<\/td>\n<td style=\"height: 40px; width: 21.533442088091352%;\"><strong>Revisor<\/strong><\/td>\n<td style=\"height: 40px; width: 29.03752039151713%;\">F\u00f6reningsrevisor<\/td>\n<\/tr>\n<tr>\n<td style=\"width: 21.044%;\"><strong>Hanna Hager-Rydell\u00a0<\/strong><\/td>\n<td style=\"width: 16.4763%;\">Rambogatan 171<\/td>\n<td style=\"width: 11.9086%;\">0705-458354<\/td>\n<td style=\"width: 21.5334%;\"><strong>Valberedning<\/strong><\/td>\n<td style=\"width: 29.0375%;\"><\/td>\n<\/tr>\n<\/tbody>\n<\/table>\n<p>&nbsp;<\/p>\n<p>Styrelsen kontaktar du enklast via e-post: <a href=\"mailto:styrelsen@norrkopingshus31.se\" data-cke-saved-href=\"mailto:styrelsen@norrkopingshus31.se\">styrelsen@norrkopingshus31.se<\/a><\/p>\n","protected":false},"excerpt":{"rendered":"<p>&nbsp; NAMN: ADRESS: TELEFON: BEFATTNING: ANSVARSOMR\u00c5DE: David Revenius Rambogatan 147 0705-084054 Ledamot \/ Ordf\u00f6rande \u00d6verl\u00e5telse &amp; post mottagare, inkassokontakt, kontaktperson underh\u00e5llsplanering, kontaktperson budget, ombud intressef\u00f6reningen, info &amp; driftansvarig laddplats f\u00f6r elbil. Christian Hellstr\u00f6m Rambogatan 195 0704-184438 Ledamot \/ Vice ordf\u00f6rande &hellip; <a href=\"http:\/\/norrkopingshus31.se\/wordpress\/foreningen\/styrelse\/\">L\u00e4s mer <span class=\"meta-nav\">&rarr;<\/span><\/a><\/p>\n","protected":false},"author":8,"featured_media":0,"parent":18,"menu_order":0,"comment_status":"closed","ping_status":"closed","template":"","meta":{"footnotes":""},"class_list":["post-63","page","type-page","status-publish","hentry"],"_links":{"self":[{"href":"http:\/\/norrkopingshus31.se\/wordpress\/wp-json\/wp\/v2\/pages\/63","targetHints":{"allow":["GET"]}}],"collection":[{"href":"http:\/\/norrkopingshus31.se\/wordpress\/wp-json\/wp\/v2\/pages"}],"about":[{"href":"http:\/\/norrkopingshus31.se\/wordpress\/wp-json\/wp\/v2\/types\/page"}],"author":[{"embeddable":true,"href":"http:\/\/norrkopingshus31.se\/wordpress\/wp-json\/wp\/v2\/users\/8"}],"replies":[{"embeddable":true,"href":"http:\/\/norrkopingshus31.se\/wordpress\/wp-json\/wp\/v2\/comments?post=63"}],"version-history":[{"count":54,"href":"http:\/\/norrkopingshus31.se\/wordpress\/wp-json\/wp\/v2\/pages\/63\/revisions"}],"predecessor-version":[{"id":1385,"href":"http:\/\/norrkopingshus31.se\/wordpress\/wp-json\/wp\/v2\/pages\/63\/revisions\/1385"}],"up":[{"embeddable":true,"href":"http:\/\/norrkopingshus31.se\/wordpress\/wp-json\/wp\/v2\/pages\/18"}],"wp:attachment":[{"href":"http:\/\/norrkopingshus31.se\/wordpress\/wp-json\/wp\/v2\/media?parent=63"}],"curies":[{"name":"wp","href":"https:\/\/api.w.org\/{rel}","templated":true}]}}