{"id":466,"date":"2016-07-07T19:12:54","date_gmt":"2016-07-07T17:12:54","guid":{"rendered":"http:\/\/norrkopingshus31.se\/wordpress\/?page_id=466"},"modified":"2026-02-06T11:34:06","modified_gmt":"2026-02-06T10:34:06","slug":"presentation-styrelse","status":"publish","type":"page","link":"http:\/\/norrkopingshus31.se\/wordpress\/foreningen\/presentation-styrelse\/","title":{"rendered":"Styrelse"},"content":{"rendered":"<p>&nbsp;<\/p>\n<table style=\"height: 700px; width: 130%;\" border=\"1\">\n<tbody>\n<tr style=\"height: 10px;\">\n<td style=\"height: 10px; width: 21.04404567699837%;\"><strong>NAMN:<\/strong><\/td>\n<td style=\"height: 10px; width: 16.476345840130506%;\"><strong>ADRESS:<\/strong><\/td>\n<td style=\"height: 10px; width: 11.908646003262643%;\"><strong>TELEFON:<\/strong><\/td>\n<td style=\"height: 10px; width: 21.533442088091352%;\"><strong>BEFATTNING:<\/strong><\/td>\n<\/tr>\n<tr style=\"height: 10px;\">\n<td style=\"height: 10px; width: 21.04404567699837%;\"><strong>David Revenius<\/strong><\/td>\n<td style=\"height: 10px; width: 16.476345840130506%;\">Rambogatan 147<\/td>\n<td style=\"height: 10px; width: 11.908646003262643%;\">0705-084054<\/td>\n<td style=\"height: 10px; width: 21.533442088091352%;\"><strong>Ordf\u00f6rande<\/strong><\/td>\n<\/tr>\n<tr style=\"height: 10px;\">\n<td style=\"height: 10px; width: 21.04404567699837%;\"><strong>Christian Hellstr\u00f6m<\/strong><\/td>\n<td style=\"height: 10px; width: 16.476345840130506%;\">Rambogatan 195<\/td>\n<td style=\"height: 10px; width: 11.908646003262643%;\">0704-184438<\/td>\n<td style=\"height: 10px; width: 21.533442088091352%;\"><strong>Vice ordf\u00f6rande<\/strong><\/td>\n<\/tr>\n<tr style=\"height: 10px;\">\n<td style=\"height: 10px; width: 21.04404567699837%;\"><strong>Carina Ekelund<\/strong><\/td>\n<td style=\"height: 10px; width: 16.476345840130506%;\">Rambogatan 153<\/td>\n<td style=\"height: 10px; width: 11.908646003262643%;\">0730-202927<\/td>\n<td style=\"height: 10px; width: 21.533442088091352%;\"><strong>Sekreterare<\/strong><\/td>\n<\/tr>\n<tr style=\"height: 10px;\">\n<td style=\"height: 10px; width: 21.04404567699837%;\"><strong>Lars Holmsell<\/strong><\/td>\n<td style=\"height: 10px; width: 16.476345840130506%;\">Rambogatan 165<\/td>\n<td style=\"height: 10px; width: 11.908646003262643%;\">0760-199319<\/td>\n<td style=\"height: 10px; width: 21.533442088091352%;\"><strong>Ledamot<\/strong><\/td>\n<\/tr>\n<tr style=\"height: 10px;\">\n<td style=\"height: 10px; width: 21.04404567699837%;\"><strong>Matilda Nilsson<\/strong><\/td>\n<td style=\"height: 10px; width: 16.476345840130506%;\">Rambogatan 209<\/td>\n<td style=\"height: 10px; width: 11.908646003262643%;\">0733-716036<\/td>\n<td style=\"height: 10px; width: 21.533442088091352%;\"><strong>Ledamot<\/strong><\/td>\n<\/tr>\n<tr style=\"height: 10px;\">\n<td style=\"height: 10px; width: 21.04404567699837%;\"><strong>Ther\u00e9se Ringborg<\/strong><\/td>\n<td style=\"height: 10px; width: 16.476345840130506%;\">Rambogatan 179<\/td>\n<td style=\"height: 10px; width: 11.908646003262643%;\">0705-320851<\/td>\n<td style=\"height: 10px; width: 21.533442088091352%;\"><strong>Ledamot<\/strong><\/td>\n<\/tr>\n<tr style=\"height: 10px;\">\n<td style=\"height: 10px; width: 21.04404567699837%;\"><strong>Patrik Rydell<\/strong><\/td>\n<td style=\"height: 10px; width: 16.476345840130506%;\">Rambogatan 171<\/td>\n<td style=\"height: 10px; width: 11.908646003262643%;\">0738-197661<\/td>\n<td style=\"height: 10px; width: 21.533442088091352%;\"><strong>Suppleant<\/strong><\/td>\n<\/tr>\n<tr style=\"height: 10px;\">\n<td style=\"height: 10px; width: 21.04404567699837%;\"><strong>Sebastian Stedt<\/strong><\/td>\n<td style=\"height: 10px; width: 16.476345840130506%;\">Rambogatan 203<\/td>\n<td style=\"height: 10px; width: 11.908646003262643%;\">0760-919359<\/td>\n<td style=\"height: 10px; width: 21.533442088091352%;\"><strong>Suppleant<\/strong><\/td>\n<\/tr>\n<tr style=\"height: 10px;\">\n<td style=\"height: 10px; width: 21.04404567699837%;\"><strong>Maria Berger<\/strong><\/td>\n<td style=\"height: 10px; width: 16.476345840130506%;\"><\/td>\n<td style=\"height: 10px; width: 11.908646003262643%;\">011-219595<\/td>\n<td style=\"height: 10px; width: 21.533442088091352%;\"><strong>Ledamot Riksbyggen<\/strong><\/td>\n<\/tr>\n<tr style=\"height: 10px;\">\n<td style=\"height: 10px; width: 21.04404567699837%;\"><\/td>\n<td style=\"height: 10px; width: 16.476345840130506%;\"><\/td>\n<td style=\"height: 10px; width: 11.908646003262643%;\"><\/td>\n<td style=\"height: 10px; width: 21.533442088091352%;\"><\/td>\n<td style=\"height: 10px; width: 29.03752039151713%;\"><\/td>\n<\/tr>\n<\/tbody>\n<\/table>\n","protected":false},"excerpt":{"rendered":"<p>&nbsp; NAMN: ADRESS: TELEFON: BEFATTNING: David Revenius Rambogatan 147 0705-084054 Ordf\u00f6rande Christian Hellstr\u00f6m Rambogatan 195 0704-184438 Vice ordf\u00f6rande Carina Ekelund Rambogatan 153 0730-202927 Sekreterare Lars Holmsell Rambogatan 165 0760-199319 Ledamot Matilda Nilsson Rambogatan 209 0733-716036 Ledamot Ther\u00e9se Ringborg Rambogatan 179 &hellip; <a href=\"http:\/\/norrkopingshus31.se\/wordpress\/foreningen\/presentation-styrelse\/\">L\u00e4s mer <span class=\"meta-nav\">&rarr;<\/span><\/a><\/p>\n","protected":false},"author":8,"featured_media":0,"parent":18,"menu_order":0,"comment_status":"closed","ping_status":"closed","template":"","meta":{"footnotes":""},"class_list":["post-466","page","type-page","status-publish","hentry"],"_links":{"self":[{"href":"http:\/\/norrkopingshus31.se\/wordpress\/wp-json\/wp\/v2\/pages\/466","targetHints":{"allow":["GET"]}}],"collection":[{"href":"http:\/\/norrkopingshus31.se\/wordpress\/wp-json\/wp\/v2\/pages"}],"about":[{"href":"http:\/\/norrkopingshus31.se\/wordpress\/wp-json\/wp\/v2\/types\/page"}],"author":[{"embeddable":true,"href":"http:\/\/norrkopingshus31.se\/wordpress\/wp-json\/wp\/v2\/users\/8"}],"replies":[{"embeddable":true,"href":"http:\/\/norrkopingshus31.se\/wordpress\/wp-json\/wp\/v2\/comments?post=466"}],"version-history":[{"count":36,"href":"http:\/\/norrkopingshus31.se\/wordpress\/wp-json\/wp\/v2\/pages\/466\/revisions"}],"predecessor-version":[{"id":1384,"href":"http:\/\/norrkopingshus31.se\/wordpress\/wp-json\/wp\/v2\/pages\/466\/revisions\/1384"}],"up":[{"embeddable":true,"href":"http:\/\/norrkopingshus31.se\/wordpress\/wp-json\/wp\/v2\/pages\/18"}],"wp:attachment":[{"href":"http:\/\/norrkopingshus31.se\/wordpress\/wp-json\/wp\/v2\/media?parent=466"}],"curies":[{"name":"wp","href":"https:\/\/api.w.org\/{rel}","templated":true}]}}