{"id":22,"date":"2015-04-01T23:26:08","date_gmt":"2015-04-01T21:26:08","guid":{"rendered":"http:\/\/norrkopingshus31.se.preview.crystone.se\/wordpress\/?page_id=22"},"modified":"2020-06-16T12:48:54","modified_gmt":"2020-06-16T10:48:54","slug":"fragor-och-svar","status":"publish","type":"page","link":"http:\/\/norrkopingshus31.se\/wordpress\/fragor-och-svar\/","title":{"rendered":"Fr\u00e5gor och svar"},"content":{"rendered":"<h2>Avfall<\/h2>\n<p>Vi k\u00e4llsorterar v\u00e5rt avfall enligt regler fr\u00e5n kommunen. Var noggrann vid sorteringen av sopor s\u00e5 slipper vi straffavgifter och p\u00e5 s\u00e5 s\u00e4tt h\u00e5ller vi k\u00e4llsorteringskostnaden s\u00e5 l\u00e5g som m\u00f6jligt.<\/p>\n<h2>K\u00f6ra in p\u00e5 g\u00e5rden<\/h2>\n<p>Du f\u00e5r k\u00f6ra in p\u00e5 g\u00e5rden tillf\u00e4lligt f\u00f6r att lasta ur saker. Men t\u00e4nk p\u00e5 att inte blockera v\u00e4gen, lasta ur och flytta sedan bilen direkt!<\/p>\n<h2>Parkering<\/h2>\n<p>I v\u00e5r f\u00f6rening f\u00f6rs\u00f6ker vi alltid att tillhandah\u00e5lla en parkeringsplats per l\u00e4genhet. Det kan vara en parkeringsplats eller ett garage (k\u00f6lista finns f\u00f6r dessa). Dessutom \u00e4r det m\u00f6jligt att parkera efter Rambogatan.<\/p>\n<h2>Ventiler<\/h2>\n<p>T\u00e4nk p\u00e5 att &#8221;motionera&#8221; avst\u00e4ngningsventiler f\u00f6r inkommande vatten till l\u00e4genheten samt f\u00f6r disk- och tv\u00e4ttmaskin.<\/p>\n<p><strong>Ventilation\/Mini-Master<\/strong><\/p>\n<p>Ventilation \u00e4r viktigt f\u00f6r att beh\u00e5lla ett gott inomhusklimat. F\u00f6r att anv\u00e4nda ventilationsystemet p\u00e5 b\u00e4sta s\u00e4tt finns en instruktion f\u00f6r Mini-master att l\u00e4sa h\u00e4r <a href=\"http:\/\/norrkopingshus31.se\/wp-content\/uploads\/2019\/12\/MiniMaster-BRF31.pdf\">MiniMaster BRF31<\/a><\/p>\n<h2>\u00a0Sanda<\/h2>\n<p>N\u00e4r det \u00e4r halt ute m\u00e5ste vi alla hj\u00e4lpa till att f\u00f6rebygga halkolyckor. Anv\u00e4nd de sandl\u00e5dor som finns uppst\u00e4llda p\u00e5 g\u00e5rdarna!<\/p>\n<h2>Motioner<\/h2>\n<p>Om du vill motionera om n\u00e5got till \u00e5rsst\u00e4mman, m\u00e5ste du l\u00e4mna in\u00a0din motion till styrelsen f\u00f6re 1 juli. Detta f\u00f6r att styrelsen ska hinna behandla den f\u00f6re \u00e5rsm\u00f6tet.<\/p>\n<h2>F\u00f6rslag<\/h2>\n<p>Om ni har fr\u00e5gor eller f\u00f6rslag p\u00e5 f\u00f6rb\u00e4ttringar i f\u00f6reningen, tveka inte att framf\u00f6ra dessa till styrelsen! Alla f\u00f6rslag p\u00e5 f\u00f6rb\u00e4ttringar \u00e4r mycket v\u00e4lkomna.<\/p>\n<h2>F\u00f6rs\u00e4kring<\/h2>\n<p>F\u00f6reningen har hos Folksam en kollektiv bostadsr\u00e4ttstill\u00e4gg via rbf\u00f6rs\u00e4kring. Alla boende i Norrk\u00f6pingshus 31 har bostadsr\u00e4ttstill\u00e4gget genom denna kollektiva f\u00f6rs\u00e4kring och beh\u00f6ver inte ha det som ett till\u00e4gg i sin egen hemf\u00f6rs\u00e4kring.<\/p>\n<p>Sj\u00e4lvrisken f\u00f6r bostadsr\u00e4ttstill\u00e4gget \u00e4r 2000 kr som debiteras den boende. F\u00f6rs\u00e4kringen g\u00e4ller f\u00f6r ytskikt i samband med skada. Det finns ocks\u00e5 regler\u00a0om\u00a0\u00e5ldersavdrag p\u00e5 befintligt ytskikt som g\u00f6r att den boendes kostnad kan bli h\u00f6gre \u00e4n sj\u00e4lvrisken.<\/p>\n<p>Vi har f\u00e5tt ett nytt f\u00f6rs\u00e4kringsnummer som ni anger om ni ringer 269420<\/p>\n<p><strong>F\u00f6reningens mark<\/strong><\/p>\n<p>I f\u00f6reningen finns gemensam mark, d\u00e4r f\u00e5r inget s\u00e4ttas upp av dom boende. Till exempel pooler, studsmattor och partyt\u00e4lt. Ang\u00e5ende pooler har f\u00f6reningen redan tagit beslut att f\u00f6lja Boverkets rekommendation, barnpooler som fylls 20 centimeter \u00e4r ok.<\/p>\n","protected":false},"excerpt":{"rendered":"<p>Avfall Vi k\u00e4llsorterar v\u00e5rt avfall enligt regler fr\u00e5n kommunen. Var noggrann vid sorteringen av sopor s\u00e5 slipper vi straffavgifter och p\u00e5 s\u00e5 s\u00e4tt h\u00e5ller vi k\u00e4llsorteringskostnaden s\u00e5 l\u00e5g som m\u00f6jligt. K\u00f6ra in p\u00e5 g\u00e5rden Du f\u00e5r k\u00f6ra in p\u00e5 g\u00e5rden &hellip; <a href=\"http:\/\/norrkopingshus31.se\/wordpress\/fragor-och-svar\/\">L\u00e4s mer <span class=\"meta-nav\">&rarr;<\/span><\/a><\/p>\n","protected":false},"author":8,"featured_media":0,"parent":0,"menu_order":0,"comment_status":"closed","ping_status":"closed","template":"","meta":{"footnotes":""},"class_list":["post-22","page","type-page","status-publish","hentry"],"_links":{"self":[{"href":"http:\/\/norrkopingshus31.se\/wordpress\/wp-json\/wp\/v2\/pages\/22","targetHints":{"allow":["GET"]}}],"collection":[{"href":"http:\/\/norrkopingshus31.se\/wordpress\/wp-json\/wp\/v2\/pages"}],"about":[{"href":"http:\/\/norrkopingshus31.se\/wordpress\/wp-json\/wp\/v2\/types\/page"}],"author":[{"embeddable":true,"href":"http:\/\/norrkopingshus31.se\/wordpress\/wp-json\/wp\/v2\/users\/8"}],"replies":[{"embeddable":true,"href":"http:\/\/norrkopingshus31.se\/wordpress\/wp-json\/wp\/v2\/comments?post=22"}],"version-history":[{"count":7,"href":"http:\/\/norrkopingshus31.se\/wordpress\/wp-json\/wp\/v2\/pages\/22\/revisions"}],"predecessor-version":[{"id":957,"href":"http:\/\/norrkopingshus31.se\/wordpress\/wp-json\/wp\/v2\/pages\/22\/revisions\/957"}],"wp:attachment":[{"href":"http:\/\/norrkopingshus31.se\/wordpress\/wp-json\/wp\/v2\/media?parent=22"}],"curies":[{"name":"wp","href":"https:\/\/api.w.org\/{rel}","templated":true}]}}