{"id":20,"date":"2015-04-01T23:24:36","date_gmt":"2015-04-01T21:24:36","guid":{"rendered":"http:\/\/norrkopingshus31.se.preview.crystone.se\/wordpress\/?page_id=20"},"modified":"2026-02-10T08:05:17","modified_gmt":"2026-02-10T07:05:17","slug":"information","status":"publish","type":"page","link":"http:\/\/norrkopingshus31.se\/wordpress\/information\/","title":{"rendered":"Information"},"content":{"rendered":"<p style=\"text-align: left;\"><a href=\"http:\/\/norrkopingshus31.se\/wp-content\/uploads\/2026\/02\/Valkomstbrev.pdf\">V\u00e4lkomstbrev<\/a>\u00a0 (PDF-fil \u00f6ppnas) f\u00f6r dig som \u00e4r nyinflyttad i Norrk\u00f6pingshus31<\/p>\n<p><a href=\"http:\/\/norrkopingshus31.se\/wp-content\/uploads\/2023\/08\/Bilplatser-i-Brf-Norrkopingshus-nr-31-230812.pdf\" target=\"_blank\" rel=\"noopener\">Bilplatser i Brf Norrk\u00f6pingshus nr 31 (pdf)!<\/a><\/p>\n<p style=\"text-align: left;\"><a href=\"http:\/\/norrkopingshus31.se\/wp-content\/uploads\/2022\/08\/220812-Trivselregler.pdf\" target=\"_blank\" rel=\"noopener\">H\u00e4r hittar du v\u00e5ra trivselregler (pdf)!<\/a><\/p>\n<p style=\"text-align: left;\"><a href=\"http:\/\/norrkopingshus31.se\/wp-content\/uploads\/2022\/01\/211103-Riktlinjer.pdf\" target=\"_blank\" rel=\"noopener\">H\u00e4r hittar du de riktlinjer som g\u00e4ller (pdf)!<\/a><\/p>\n<p style=\"text-align: left;\"><a href=\"http:\/\/norrkopingshus31.se\/wp-content\/uploads\/2020\/06\/St\u00f6rre-\u00e5tg\u00e4rder-i-Brf-Riksbyggens-Brf-Norrk\u00f6pingshus-nr-31.pdf\">St\u00f6rre \u00e5tg\u00e4rder (Uppdaterad 200629)<\/a> (PDF-fil \u00f6ppnas)<br \/>\nUtf\u00f6rda och planerade underh\u00e5ll i f\u00f6reningen<\/p>\n","protected":false},"excerpt":{"rendered":"<p>V\u00e4lkomstbrev\u00a0 (PDF-fil \u00f6ppnas) f\u00f6r dig som \u00e4r nyinflyttad i Norrk\u00f6pingshus31 Bilplatser i Brf Norrk\u00f6pingshus nr 31 (pdf)! H\u00e4r hittar du v\u00e5ra trivselregler (pdf)! H\u00e4r hittar du de riktlinjer som g\u00e4ller (pdf)! St\u00f6rre \u00e5tg\u00e4rder (Uppdaterad 200629) (PDF-fil \u00f6ppnas) Utf\u00f6rda och planerade &hellip; <a href=\"http:\/\/norrkopingshus31.se\/wordpress\/information\/\">L\u00e4s mer <span class=\"meta-nav\">&rarr;<\/span><\/a><\/p>\n","protected":false},"author":8,"featured_media":0,"parent":0,"menu_order":0,"comment_status":"closed","ping_status":"closed","template":"","meta":{"footnotes":""},"class_list":["post-20","page","type-page","status-publish","hentry"],"_links":{"self":[{"href":"http:\/\/norrkopingshus31.se\/wordpress\/wp-json\/wp\/v2\/pages\/20","targetHints":{"allow":["GET"]}}],"collection":[{"href":"http:\/\/norrkopingshus31.se\/wordpress\/wp-json\/wp\/v2\/pages"}],"about":[{"href":"http:\/\/norrkopingshus31.se\/wordpress\/wp-json\/wp\/v2\/types\/page"}],"author":[{"embeddable":true,"href":"http:\/\/norrkopingshus31.se\/wordpress\/wp-json\/wp\/v2\/users\/8"}],"replies":[{"embeddable":true,"href":"http:\/\/norrkopingshus31.se\/wordpress\/wp-json\/wp\/v2\/comments?post=20"}],"version-history":[{"count":26,"href":"http:\/\/norrkopingshus31.se\/wordpress\/wp-json\/wp\/v2\/pages\/20\/revisions"}],"predecessor-version":[{"id":1390,"href":"http:\/\/norrkopingshus31.se\/wordpress\/wp-json\/wp\/v2\/pages\/20\/revisions\/1390"}],"wp:attachment":[{"href":"http:\/\/norrkopingshus31.se\/wordpress\/wp-json\/wp\/v2\/media?parent=20"}],"curies":[{"name":"wp","href":"https:\/\/api.w.org\/{rel}","templated":true}]}}